{"id":14626,"date":"2024-05-14T11:09:10","date_gmt":"2024-05-14T08:09:10","guid":{"rendered":"https:\/\/gourmetmarket.lv\/product\/mix-lukums-ar-kremu-1kg%c2%b1\/"},"modified":"2024-05-14T11:30:29","modified_gmt":"2024-05-14T08:30:29","slug":"mix-lukums-ar-kremu-1kg%c2%b1","status":"publish","type":"product","link":"https:\/\/gourmetmarket.lv\/et\/toode\/mix-lukums-ar-kremu-1kg%c2%b1\/","title":{"rendered":"Sega loukum koorega 1kg (\u00b1)"},"content":{"rendered":"<p>K\u00e4sitsi valmistatud idamaised maiustused looduslikest koostisosadest ja unustamatust maitsest.<\/p>\n<p>Kreemjas huulepulga komplekt.<\/p>\n<p>Suurep\u00e4rane komplekt, et \u00fcllatada k\u00fclalisi puhkuse ajal ja maitsta neid vastupandamatuid idamaiseid maitseid<\/p>\n","protected":false},"excerpt":{"rendered":"<p>K\u00e4sitsi valmistatud idamaised maiustused looduslikest koostisosadest ja unustamatust maitsest. Kreemjas huulepulga komplekt. Suurep\u00e4rane komplekt, et \u00fcllatada k\u00fclalisi puhkuse ajal ja maitsta neid vastupandamatuid idamaiseid maitseid<\/p>\n","protected":false},"featured_media":14529,"comment_status":"closed","ping_status":"closed","template":"","meta":[],"product_brand":[],"product_cat":[77,235,260,232,144],"product_tag":[],"class_list":{"0":"post-14626","1":"product","2":"type-product","3":"status-publish","4":"has-post-thumbnail","6":"product_cat-maiustused","7":"product_cat-austrumu-saldumi-et","8":"product_cat-komplektid","9":"product_cat-saldumi-2-et","10":"product_cat-lukum-et","12":"first","13":"instock","14":"taxable","15":"shipping-taxable","16":"purchasable","17":"product-type-simple"},"_links":{"self":[{"href":"https:\/\/gourmetmarket.lv\/et\/wp-json\/wp\/v2\/product\/14626","targetHints":{"allow":["GET"]}}],"collection":[{"href":"https:\/\/gourmetmarket.lv\/et\/wp-json\/wp\/v2\/product"}],"about":[{"href":"https:\/\/gourmetmarket.lv\/et\/wp-json\/wp\/v2\/types\/product"}],"replies":[{"embeddable":true,"href":"https:\/\/gourmetmarket.lv\/et\/wp-json\/wp\/v2\/comments?post=14626"}],"version-history":[{"count":1,"href":"https:\/\/gourmetmarket.lv\/et\/wp-json\/wp\/v2\/product\/14626\/revisions"}],"predecessor-version":[{"id":14632,"href":"https:\/\/gourmetmarket.lv\/et\/wp-json\/wp\/v2\/product\/14626\/revisions\/14632"}],"wp:featuredmedia":[{"embeddable":true,"href":"https:\/\/gourmetmarket.lv\/et\/wp-json\/wp\/v2\/media\/14529"}],"wp:attachment":[{"href":"https:\/\/gourmetmarket.lv\/et\/wp-json\/wp\/v2\/media?parent=14626"}],"wp:term":[{"taxonomy":"product_brand","embeddable":true,"href":"https:\/\/gourmetmarket.lv\/et\/wp-json\/wp\/v2\/product_brand?post=14626"},{"taxonomy":"product_cat","embeddable":true,"href":"https:\/\/gourmetmarket.lv\/et\/wp-json\/wp\/v2\/product_cat?post=14626"},{"taxonomy":"product_tag","embeddable":true,"href":"https:\/\/gourmetmarket.lv\/et\/wp-json\/wp\/v2\/product_tag?post=14626"}],"curies":[{"name":"wp","href":"https:\/\/api.w.org\/{rel}","templated":true}]}}