{"id":14398,"date":"2024-05-08T10:24:37","date_gmt":"2024-05-08T07:24:37","guid":{"rendered":"https:\/\/gourmetmarket.lv\/product\/granatabola-lukumi-pirkstini-ar-pistacijam-cod-39\/"},"modified":"2025-01-30T13:20:20","modified_gmt":"2025-01-30T11:20:20","slug":"granatabola-lukumi-pirkstini-ar-pistacijam-cod-39","status":"publish","type":"product","link":"https:\/\/gourmetmarket.lv\/et\/toode\/granatabola-lukumi-pirkstini-ar-pistacijam-cod-39\/","title":{"rendered":"Granaat\u00f5una lucuma s\u00f5rmed pistaatsiap\u00e4hklitega (COD 39)"},"content":{"rendered":"","protected":false},"excerpt":{"rendered":"","protected":false},"featured_media":14357,"comment_status":"closed","ping_status":"closed","template":"","meta":[],"product_brand":[],"product_cat":[77,235,144],"product_tag":[],"class_list":{"0":"post-14398","1":"product","2":"type-product","3":"status-publish","4":"has-post-thumbnail","6":"product_cat-maiustused","7":"product_cat-austrumu-saldumi-et","8":"product_cat-lukum-et","10":"first","11":"instock","12":"taxable","13":"shipping-taxable","14":"purchasable","15":"product-type-simple"},"_links":{"self":[{"href":"https:\/\/gourmetmarket.lv\/et\/wp-json\/wp\/v2\/product\/14398","targetHints":{"allow":["GET"]}}],"collection":[{"href":"https:\/\/gourmetmarket.lv\/et\/wp-json\/wp\/v2\/product"}],"about":[{"href":"https:\/\/gourmetmarket.lv\/et\/wp-json\/wp\/v2\/types\/product"}],"replies":[{"embeddable":true,"href":"https:\/\/gourmetmarket.lv\/et\/wp-json\/wp\/v2\/comments?post=14398"}],"version-history":[{"count":3,"href":"https:\/\/gourmetmarket.lv\/et\/wp-json\/wp\/v2\/product\/14398\/revisions"}],"predecessor-version":[{"id":15800,"href":"https:\/\/gourmetmarket.lv\/et\/wp-json\/wp\/v2\/product\/14398\/revisions\/15800"}],"wp:featuredmedia":[{"embeddable":true,"href":"https:\/\/gourmetmarket.lv\/et\/wp-json\/wp\/v2\/media\/14357"}],"wp:attachment":[{"href":"https:\/\/gourmetmarket.lv\/et\/wp-json\/wp\/v2\/media?parent=14398"}],"wp:term":[{"taxonomy":"product_brand","embeddable":true,"href":"https:\/\/gourmetmarket.lv\/et\/wp-json\/wp\/v2\/product_brand?post=14398"},{"taxonomy":"product_cat","embeddable":true,"href":"https:\/\/gourmetmarket.lv\/et\/wp-json\/wp\/v2\/product_cat?post=14398"},{"taxonomy":"product_tag","embeddable":true,"href":"https:\/\/gourmetmarket.lv\/et\/wp-json\/wp\/v2\/product_tag?post=14398"}],"curies":[{"name":"wp","href":"https:\/\/api.w.org\/{rel}","templated":true}]}}