{"id":14222,"date":"2024-04-17T11:21:59","date_gmt":"2024-04-17T08:21:59","guid":{"rendered":"https:\/\/gourmetmarket.lv\/product\/garsvielu-maisijums-ar-dzirnavinam-0750g\/"},"modified":"2024-04-23T13:07:04","modified_gmt":"2024-04-23T10:07:04","slug":"garsvielu-maisijums-ar-dzirnavinam-0750g","status":"publish","type":"product","link":"https:\/\/gourmetmarket.lv\/et\/toode\/garsvielu-maisijums-ar-dzirnavinam-0750g\/","title":{"rendered":"Maitseainesegu veskiga"},"content":{"rendered":"<p>V\u00fcrtsid on p\u00f5hit\u00f5dede aluseks, nii et iga valmistatud toit osutub maitsvaks ja aromaatseks.<\/p>\n","protected":false},"excerpt":{"rendered":"<p>V\u00fcrtsid on p\u00f5hit\u00f5dede aluseks, nii et iga valmistatud toit osutub maitsvaks ja aromaatseks.<\/p>\n","protected":false},"featured_media":13984,"comment_status":"closed","ping_status":"closed","template":"","meta":[],"product_brand":[],"product_cat":[148,298,238],"product_tag":[],"class_list":{"0":"post-14222","1":"product","2":"type-product","3":"status-publish","4":"has-post-thumbnail","6":"product_cat-lisandid","7":"product_cat-vurtsid","8":"product_cat-piedevas-2-et","10":"first","11":"instock","12":"taxable","13":"shipping-taxable","14":"purchasable","15":"product-type-simple"},"_links":{"self":[{"href":"https:\/\/gourmetmarket.lv\/et\/wp-json\/wp\/v2\/product\/14222","targetHints":{"allow":["GET"]}}],"collection":[{"href":"https:\/\/gourmetmarket.lv\/et\/wp-json\/wp\/v2\/product"}],"about":[{"href":"https:\/\/gourmetmarket.lv\/et\/wp-json\/wp\/v2\/types\/product"}],"replies":[{"embeddable":true,"href":"https:\/\/gourmetmarket.lv\/et\/wp-json\/wp\/v2\/comments?post=14222"}],"version-history":[{"count":2,"href":"https:\/\/gourmetmarket.lv\/et\/wp-json\/wp\/v2\/product\/14222\/revisions"}],"predecessor-version":[{"id":14249,"href":"https:\/\/gourmetmarket.lv\/et\/wp-json\/wp\/v2\/product\/14222\/revisions\/14249"}],"wp:featuredmedia":[{"embeddable":true,"href":"https:\/\/gourmetmarket.lv\/et\/wp-json\/wp\/v2\/media\/13984"}],"wp:attachment":[{"href":"https:\/\/gourmetmarket.lv\/et\/wp-json\/wp\/v2\/media?parent=14222"}],"wp:term":[{"taxonomy":"product_brand","embeddable":true,"href":"https:\/\/gourmetmarket.lv\/et\/wp-json\/wp\/v2\/product_brand?post=14222"},{"taxonomy":"product_cat","embeddable":true,"href":"https:\/\/gourmetmarket.lv\/et\/wp-json\/wp\/v2\/product_cat?post=14222"},{"taxonomy":"product_tag","embeddable":true,"href":"https:\/\/gourmetmarket.lv\/et\/wp-json\/wp\/v2\/product_tag?post=14222"}],"curies":[{"name":"wp","href":"https:\/\/api.w.org\/{rel}","templated":true}]}}