{"id":4575,"date":"2022-11-30T07:56:55","date_gmt":"2022-11-30T05:56:55","guid":{"rendered":"http:\/\/hostinger.gourmetmarket.lv\/shipping-and-returns-policy\/"},"modified":"2023-05-17T13:35:52","modified_gmt":"2023-05-17T10:35:52","slug":"piegade-atgriesana","status":"publish","type":"page","link":"https:\/\/gourmetmarket.lv\/et\/piegade-atgriesana\/","title":{"rendered":"Pieg\u0101de &amp; Atgrie\u0161ana"},"content":{"rendered":"\t\t<div data-elementor-type=\"wp-page\" data-elementor-id=\"4575\" class=\"elementor elementor-4575 elementor-157\" data-elementor-post-type=\"page\">\n\t\t\t\t\t\t<section class=\"elementor-section elementor-top-section elementor-element elementor-element-41c5e272 elementor-section-boxed elementor-section-height-default elementor-section-height-default\" data-id=\"41c5e272\" data-element_type=\"section\">\n\t\t\t\t\t\t<div class=\"elementor-container elementor-column-gap-default\">\n\t\t\t\t\t<div class=\"elementor-column elementor-col-100 elementor-top-column elementor-element elementor-element-639c783b\" data-id=\"639c783b\" data-element_type=\"column\">\n\t\t\t<div class=\"elementor-widget-wrap elementor-element-populated\">\n\t\t\t\t\t\t<div class=\"elementor-element elementor-element-281c3dc9 elementor-widget elementor-widget-text-editor\" data-id=\"281c3dc9\" data-element_type=\"widget\" data-widget_type=\"text-editor.default\">\n\t\t\t\t<div class=\"elementor-widget-container\">\n\t\t\t\t\t\t\t\t\t<h4><strong>Sa\u0146em\u0161ana bezmaksas m\u016bsu veikal\u0101<\/strong><\/h4><p>Klientiem ir iesp\u0113ja tie\u0161saist\u0113 veikto pas\u016bt\u012bjumu sa\u0146emt m\u016bsu veik\u0101l\u0101<\/p><h4><strong>Omniva, VENIPAK ar pakom\u0101ta starpniec\u012bbu<\/strong><\/h4><p>Klienti Baltijas valst\u012bs (Lietuva, Latvija , Igaunija) pieg\u0101dei var izv\u0113l\u0113ties Venipak vai Omniva pakom\u0101tus. Pieg\u0101de var aiz\u0146emt 1-4 darbadienas, atkar\u012bb\u0101 no pieg\u0101des adreses.<\/p><h4><strong>Provizoriskie pieg\u0101des laiki <\/strong><\/h4><p>Latvija: 2-6 darbadienas.<\/p><p>Baltijas valstis 5-9 darba dienas.<\/p><h4><strong>Bezmaksas pieg\u0101de<\/strong><\/h4><p>M\u0113s pied\u0101v\u0101jam bezmaksas pieg\u0101di pirkumiem virs 50 EUR Latvij\u0101 un virs 100 EUR cit\u0101s valst\u012bs.<\/p><h4><strong>L\u016bdzu iev\u0113rot<\/strong><\/h4><p>M\u0113s str\u0101d\u0101jam, lai saviem klientiem nodro\u0161in\u0101tu pat\u012bkamu iepirk\u0161an\u0101s pieredzi un dro\u0161u pieg\u0101di. \u0100r\u0113ju nep\u0101rvaramas varas faktoru d\u0113\u013c pieg\u0101des var aizkav\u0113ties. Tom\u0113r m\u0113s pazi\u0146osim aptuveno pieg\u0101des laiku un inform\u0113sim j\u016bs par iesp\u0113jam\u0101m izmai\u0146\u0101m.<\/p><p>\u0160eit min\u0113tie pieg\u0101des laiki ir orient\u0113jo\u0161i un ir atkar\u012bgi no pieg\u0101des vietas. Pieg\u0101des laiks tiek apr\u0113\u0137in\u0101ts no j\u016bsu pas\u016bt\u012bjuma apstr\u0101des dienas. M\u0113s nevaram garant\u0113t pieg\u0101di paredz\u0113taj\u0101 laik\u0101 un neesam atbild\u012bgi par kav\u0113jumiem. M\u016bsu m\u0113r\u0137is ir apstr\u0101d\u0101t j\u016bsu pas\u016bt\u012bjumu \u0161odien, ja iesp\u0113jams, vai n\u0101kamaj\u0101 darba dien\u0101, ta\u010du noslogot\u0101 laik\u0101 pas\u016bt\u012bjuma apstr\u0101de var aiz\u0146emt ilg\u0101ku laiku. Darba dien\u0101s neietilpst ned\u0113\u013cas nogales (sestdiena un sv\u0113tdiena) un valsts sv\u0113tku dienas.<\/p><p>Ja jums ir jaut\u0101jumi par pieg\u0101di, l\u016bdzu, sazinieties ar mums info@hostinger.gourmetmarket.lv<\/p><h4><strong>Atgrie\u0161ana<\/strong><\/h4><p>Ja k\u0101du iemeslu d\u0113\u013c j\u016bs v\u0113laties atgriezt preci, to var izdar\u012bt 14 dienu laik\u0101, ori\u0123in\u0101laj\u0101 iepakojum\u0101.\u00a0<\/p><p>Pre\u010du atgrie\u0161anas ties\u012bbas neattiecas uz prec\u0113m, kuras var nosv\u0113rt! Sv\u0113ramaj\u0101m prec\u0113m nav atgrie\u0161anas ties\u012bbu.<\/p><p>Gourmetmarket.lv atgie\u0161anas adrese ir:<\/p><p>Klij\u0101nu iela 8, 3 st\u0101vs, 312a, R\u012bga, LV-1013, Latvija.<\/p>\t\t\t\t\t\t\t\t<\/div>\n\t\t\t\t<\/div>\n\t\t\t\t\t<\/div>\n\t\t<\/div>\n\t\t\t\t\t<\/div>\n\t\t<\/section>\n\t\t\t\t<\/div>\n\t\t","protected":false},"excerpt":{"rendered":"<p>Sa\u0146em\u0161ana bezmaksas m\u016bsu veikal\u0101 Klientiem ir iesp\u0113ja tie\u0161saist\u0113 veikto pas\u016bt\u012bjumu sa\u0146emt m\u016bsu veik\u0101l\u0101 Omniva, VENIPAK ar pakom\u0101ta starpniec\u012bbu Klienti Baltijas valst\u012bs (Lietuva, Latvija , Igaunija) pieg\u0101dei var izv\u0113l\u0113ties Venipak vai Omniva pakom\u0101tus. Pieg\u0101de var aiz\u0146emt 1-4 darbadienas, atkar\u012bb\u0101 no pieg\u0101des adreses. Provizoriskie pieg\u0101des laiki Latvija: 2-6 darbadienas. Baltijas valstis 5-9 darba dienas. Bezmaksas pieg\u0101de M\u0113s [&hellip;]<\/p>\n","protected":false},"author":6,"featured_media":0,"parent":0,"menu_order":0,"comment_status":"closed","ping_status":"closed","template":"","meta":{"footnotes":""},"class_list":["post-4575","page","type-page","status-publish","hentry"],"_links":{"self":[{"href":"https:\/\/gourmetmarket.lv\/et\/wp-json\/wp\/v2\/pages\/4575","targetHints":{"allow":["GET"]}}],"collection":[{"href":"https:\/\/gourmetmarket.lv\/et\/wp-json\/wp\/v2\/pages"}],"about":[{"href":"https:\/\/gourmetmarket.lv\/et\/wp-json\/wp\/v2\/types\/page"}],"author":[{"embeddable":true,"href":"https:\/\/gourmetmarket.lv\/et\/wp-json\/wp\/v2\/users\/6"}],"replies":[{"embeddable":true,"href":"https:\/\/gourmetmarket.lv\/et\/wp-json\/wp\/v2\/comments?post=4575"}],"version-history":[{"count":28,"href":"https:\/\/gourmetmarket.lv\/et\/wp-json\/wp\/v2\/pages\/4575\/revisions"}],"predecessor-version":[{"id":11565,"href":"https:\/\/gourmetmarket.lv\/et\/wp-json\/wp\/v2\/pages\/4575\/revisions\/11565"}],"wp:attachment":[{"href":"https:\/\/gourmetmarket.lv\/et\/wp-json\/wp\/v2\/media?parent=4575"}],"curies":[{"name":"wp","href":"https:\/\/api.w.org\/{rel}","templated":true}]}}