{"id":3061,"date":"2023-01-16T10:55:23","date_gmt":"2023-01-16T08:55:23","guid":{"rendered":"http:\/\/hostinger.gourmetmarket.lv\/par-mums\/"},"modified":"2023-12-31T13:56:49","modified_gmt":"2023-12-31T11:56:49","slug":"meist","status":"publish","type":"page","link":"https:\/\/gourmetmarket.lv\/et\/meist\/","title":{"rendered":"Meist"},"content":{"rendered":"\t\t<div data-elementor-type=\"wp-page\" data-elementor-id=\"3061\" class=\"elementor elementor-3061 elementor-2866\" data-elementor-post-type=\"page\">\n\t\t\t\t<div class=\"elementor-element elementor-element-3ff3b2e6 e-flex e-con-boxed e-con e-parent\" data-id=\"3ff3b2e6\" data-element_type=\"container\" data-settings=\"{&quot;background_background&quot;:&quot;classic&quot;}\">\n\t\t\t\t\t<div class=\"e-con-inner\">\n\t\t<div class=\"elementor-element elementor-element-3c6f527c e-con-full e-flex e-con e-child\" data-id=\"3c6f527c\" data-element_type=\"container\">\n\t\t\t\t<\/div>\n\t\t\t\t\t<\/div>\n\t\t\t\t<\/div>\n\t\t<div class=\"elementor-element elementor-element-93e2af7 e-flex e-con-boxed e-con e-parent\" data-id=\"93e2af7\" data-element_type=\"container\">\n\t\t\t\t\t<div class=\"e-con-inner\">\n\t\t<div class=\"elementor-element elementor-element-243a47a e-con-full e-flex e-con e-child\" data-id=\"243a47a\" data-element_type=\"container\">\n\t\t\t\t<div class=\"elementor-element elementor-element-60bd106 elementor-widget elementor-widget-heading\" data-id=\"60bd106\" data-element_type=\"widget\" data-widget_type=\"heading.default\">\n\t\t\t\t<div class=\"elementor-widget-container\">\n\t\t\t\t\t<h2 class=\"elementor-heading-title elementor-size-default\">Gourmet Market<\/h2>\t\t\t\t<\/div>\n\t\t\t\t<\/div>\n\t\t\t\t<div class=\"elementor-element elementor-element-1a1ffd6 elementor-widget elementor-widget-heading\" data-id=\"1a1ffd6\" data-element_type=\"widget\" data-widget_type=\"heading.default\">\n\t\t\t\t<div class=\"elementor-widget-container\">\n\t\t\t\t\t<h2 class=\"elementor-heading-title elementor-size-default\">Gourmet Market pakub laias valikus tooteid gurmaanidele ja mitte ainult.<\/h2>\t\t\t\t<\/div>\n\t\t\t\t<\/div>\n\t\t\t\t<div class=\"elementor-element elementor-element-80234ea elementor-widget elementor-widget-text-editor\" data-id=\"80234ea\" data-element_type=\"widget\" data-widget_type=\"text-editor.default\">\n\t\t\t\t<div class=\"elementor-widget-container\">\n\t\t\t\t\t\t\t\t\t<\/p>\n<p>Teeme koost\u00f6\u00f6d otse tootjatega.<\/p>\n<p>Gourmet Market pakub kvaliteetseid idamaiseid maiustusi, teesid, siirupeid, aga ka laia valikut oliive, paprikat, kastmeid jne.<\/p>\n<p>R\u00f5\u00f5mustame oma kliente t\u00f5eliselt heade toodetega. Valime tooteid hoolikalt, uurides nende koostist ja \u00fclevaateid.<\/p>\n<p>Pakume ainult seda, mida ise ostaksime!<\/p>\n<p>Teie mugavuse huvides on kogu tootevalik leitav ja ostetav eemalt, m\u00f5ne s\u00f5rmekl\u00f5psuga, ilma kodust lahkumata.<\/p>\n<p>Tarnime k\u00f5ikidesse Balti riikidesse.<\/p>\n<p>Kutsume hulgim\u00fc\u00fcgikliente koost\u00f6\u00f6d tegema.<\/p>\n\t\t\t\t\t\t\t\t<\/div>\n\t\t\t\t<\/div>\n\t\t\t\t<\/div>\n\t\t<div class=\"elementor-element elementor-element-f4ceb48 e-con-full e-flex e-con e-child\" data-id=\"f4ceb48\" data-element_type=\"container\">\n\t\t\t\t<div class=\"elementor-element elementor-element-d53930b elementor-widget elementor-widget-image\" data-id=\"d53930b\" data-element_type=\"widget\" data-widget_type=\"image.default\">\n\t\t\t\t<div class=\"elementor-widget-container\">\n\t\t\t\t\t\t\t\t\t\t\t\t\t\t\t<img fetchpriority=\"high\" decoding=\"async\" width=\"1024\" height=\"683\" src=\"https:\/\/gourmetmarket.lv\/wp-content\/uploads\/2023\/01\/sladosti-turciirahat-lukum-1024x683-1.jpg\" class=\"attachment-full size-full wp-image-3024\" alt=\"\" srcset=\"https:\/\/gourmetmarket.lv\/wp-content\/uploads\/2023\/01\/sladosti-turciirahat-lukum-1024x683-1.jpg 1024w, https:\/\/gourmetmarket.lv\/wp-content\/uploads\/2023\/01\/sladosti-turciirahat-lukum-1024x683-1-600x400.jpg 600w, https:\/\/gourmetmarket.lv\/wp-content\/uploads\/2023\/01\/sladosti-turciirahat-lukum-1024x683-1-300x200.jpg 300w, https:\/\/gourmetmarket.lv\/wp-content\/uploads\/2023\/01\/sladosti-turciirahat-lukum-1024x683-1-768x512.jpg 768w\" sizes=\"(max-width: 1024px) 100vw, 1024px\" \/>\t\t\t\t\t\t\t\t\t\t\t\t\t\t\t<\/div>\n\t\t\t\t<\/div>\n\t\t\t\t<\/div>\n\t\t\t\t\t<\/div>\n\t\t\t\t<\/div>\n\t\t<div class=\"elementor-element elementor-element-54309f9 e-flex e-con-boxed e-con e-parent\" data-id=\"54309f9\" data-element_type=\"container\">\n\t\t\t\t\t<div class=\"e-con-inner\">\n\t\t<div class=\"elementor-element elementor-element-0513789 e-con-full e-flex e-con e-child\" data-id=\"0513789\" data-element_type=\"container\">\n\t\t\t\t<div class=\"elementor-element elementor-element-ac4f64b elementor-widget elementor-widget-image\" data-id=\"ac4f64b\" data-element_type=\"widget\" data-widget_type=\"image.default\">\n\t\t\t\t<div class=\"elementor-widget-container\">\n\t\t\t\t\t\t\t\t\t\t\t\t\t\t\t<img decoding=\"async\" width=\"800\" height=\"511\" src=\"https:\/\/gourmetmarket.lv\/wp-content\/uploads\/2023\/01\/jpg_1000_d44d6d32-a238-4a35-809d-ecae66bd04cc.jpg\" class=\"attachment-large size-large wp-image-3102\" alt=\"\" srcset=\"https:\/\/gourmetmarket.lv\/wp-content\/uploads\/2023\/01\/jpg_1000_d44d6d32-a238-4a35-809d-ecae66bd04cc.jpg 940w, https:\/\/gourmetmarket.lv\/wp-content\/uploads\/2023\/01\/jpg_1000_d44d6d32-a238-4a35-809d-ecae66bd04cc-600x383.jpg 600w, https:\/\/gourmetmarket.lv\/wp-content\/uploads\/2023\/01\/jpg_1000_d44d6d32-a238-4a35-809d-ecae66bd04cc-300x191.jpg 300w, https:\/\/gourmetmarket.lv\/wp-content\/uploads\/2023\/01\/jpg_1000_d44d6d32-a238-4a35-809d-ecae66bd04cc-768x490.jpg 768w\" sizes=\"(max-width: 800px) 100vw, 800px\" \/>\t\t\t\t\t\t\t\t\t\t\t\t\t\t\t<\/div>\n\t\t\t\t<\/div>\n\t\t\t\t<\/div>\n\t\t<div class=\"elementor-element elementor-element-f23d712 e-con-full e-flex e-con e-child\" data-id=\"f23d712\" data-element_type=\"container\">\n\t\t\t\t<div class=\"elementor-element elementor-element-4f7ad5d elementor-widget elementor-widget-image\" data-id=\"4f7ad5d\" data-element_type=\"widget\" data-widget_type=\"image.default\">\n\t\t\t\t<div class=\"elementor-widget-container\">\n\t\t\t\t\t\t\t\t\t\t\t\t\t\t\t<img decoding=\"async\" width=\"800\" height=\"511\" src=\"https:\/\/gourmetmarket.lv\/wp-content\/uploads\/2023\/01\/jpg_1000_d44d6d32-a238-4a35-809d-ecae66bd04cc.jpg\" class=\"attachment-large size-large wp-image-3102\" alt=\"\" srcset=\"https:\/\/gourmetmarket.lv\/wp-content\/uploads\/2023\/01\/jpg_1000_d44d6d32-a238-4a35-809d-ecae66bd04cc.jpg 940w, https:\/\/gourmetmarket.lv\/wp-content\/uploads\/2023\/01\/jpg_1000_d44d6d32-a238-4a35-809d-ecae66bd04cc-600x383.jpg 600w, https:\/\/gourmetmarket.lv\/wp-content\/uploads\/2023\/01\/jpg_1000_d44d6d32-a238-4a35-809d-ecae66bd04cc-300x191.jpg 300w, https:\/\/gourmetmarket.lv\/wp-content\/uploads\/2023\/01\/jpg_1000_d44d6d32-a238-4a35-809d-ecae66bd04cc-768x490.jpg 768w\" sizes=\"(max-width: 800px) 100vw, 800px\" \/>\t\t\t\t\t\t\t\t\t\t\t\t\t\t\t<\/div>\n\t\t\t\t<\/div>\n\t\t\t\t<\/div>\n\t\t<div class=\"elementor-element elementor-element-caedb46 e-con-full e-flex e-con e-child\" data-id=\"caedb46\" data-element_type=\"container\">\n\t\t\t\t<div class=\"elementor-element elementor-element-52c87e4 elementor-widget elementor-widget-image\" data-id=\"52c87e4\" data-element_type=\"widget\" data-widget_type=\"image.default\">\n\t\t\t\t<div class=\"elementor-widget-container\">\n\t\t\t\t\t\t\t\t\t\t\t\t\t\t\t<img decoding=\"async\" width=\"800\" height=\"506\" src=\"https:\/\/gourmetmarket.lv\/wp-content\/uploads\/2023\/01\/olivki-ili-maslinyi-1-1024x648.jpg\" class=\"attachment-large size-large wp-image-3091\" alt=\"\" srcset=\"https:\/\/gourmetmarket.lv\/wp-content\/uploads\/2023\/01\/olivki-ili-maslinyi-1-1024x648.jpg 1024w, https:\/\/gourmetmarket.lv\/wp-content\/uploads\/2023\/01\/olivki-ili-maslinyi-1-600x380.jpg 600w, https:\/\/gourmetmarket.lv\/wp-content\/uploads\/2023\/01\/olivki-ili-maslinyi-1-300x190.jpg 300w, https:\/\/gourmetmarket.lv\/wp-content\/uploads\/2023\/01\/olivki-ili-maslinyi-1-768x486.jpg 768w, https:\/\/gourmetmarket.lv\/wp-content\/uploads\/2023\/01\/olivki-ili-maslinyi-1.jpg 1035w\" sizes=\"(max-width: 800px) 100vw, 800px\" \/>\t\t\t\t\t\t\t\t\t\t\t\t\t\t\t<\/div>\n\t\t\t\t<\/div>\n\t\t\t\t<\/div>\n\t\t\t\t\t<\/div>\n\t\t\t\t<\/div>\n\t\t\t\t<\/div>\n\t\t","protected":false},"excerpt":{"rendered":"<p>Gourmet Market Gourmet Market pakub laias valikus tooteid gurmaanidele ja mitte ainult. Teeme koost\u00f6\u00f6d otse tootjatega. Gourmet Market pakub kvaliteetseid idamaiseid maiustusi, teesid, siirupeid, aga ka laia valikut oliive, paprikat, kastmeid jne. R\u00f5\u00f5mustame oma kliente t\u00f5eliselt heade toodetega. Valime tooteid hoolikalt, uurides nende koostist ja \u00fclevaateid. Pakume ainult seda, mida ise ostaksime! Teie mugavuse huvides [&hellip;]<\/p>\n","protected":false},"author":6,"featured_media":0,"parent":0,"menu_order":0,"comment_status":"closed","ping_status":"closed","template":"","meta":{"footnotes":""},"class_list":["post-3061","page","type-page","status-publish","hentry"],"_links":{"self":[{"href":"https:\/\/gourmetmarket.lv\/et\/wp-json\/wp\/v2\/pages\/3061","targetHints":{"allow":["GET"]}}],"collection":[{"href":"https:\/\/gourmetmarket.lv\/et\/wp-json\/wp\/v2\/pages"}],"about":[{"href":"https:\/\/gourmetmarket.lv\/et\/wp-json\/wp\/v2\/types\/page"}],"author":[{"embeddable":true,"href":"https:\/\/gourmetmarket.lv\/et\/wp-json\/wp\/v2\/users\/6"}],"replies":[{"embeddable":true,"href":"https:\/\/gourmetmarket.lv\/et\/wp-json\/wp\/v2\/comments?post=3061"}],"version-history":[{"count":14,"href":"https:\/\/gourmetmarket.lv\/et\/wp-json\/wp\/v2\/pages\/3061\/revisions"}],"predecessor-version":[{"id":13325,"href":"https:\/\/gourmetmarket.lv\/et\/wp-json\/wp\/v2\/pages\/3061\/revisions\/13325"}],"wp:attachment":[{"href":"https:\/\/gourmetmarket.lv\/et\/wp-json\/wp\/v2\/media?parent=3061"}],"curies":[{"name":"wp","href":"https:\/\/api.w.org\/{rel}","templated":true}]}}