{"id":3059,"date":"2023-01-13T12:42:56","date_gmt":"2023-01-13T10:42:56","guid":{"rendered":"http:\/\/hostinger.gourmetmarket.lv\/about-us\/"},"modified":"2023-12-31T14:01:06","modified_gmt":"2023-12-31T12:01:06","slug":"meist-2","status":"publish","type":"page","link":"https:\/\/gourmetmarket.lv\/et\/meist-2\/","title":{"rendered":"About us"},"content":{"rendered":"\t\t<div data-elementor-type=\"wp-page\" data-elementor-id=\"3059\" class=\"elementor elementor-3059\" data-elementor-post-type=\"page\">\n\t\t\t\t<div class=\"elementor-element elementor-element-119f49a e-flex e-con-boxed e-con e-parent\" data-id=\"119f49a\" data-element_type=\"container\">\n\t\t\t\t\t<div class=\"e-con-inner\">\n\t\t<div class=\"elementor-element elementor-element-df5b7ba e-con-full e-flex e-con e-parent\" data-id=\"df5b7ba\" data-element_type=\"container\">\n\t\t\t\t<div class=\"elementor-element elementor-element-068a544 elementor-widget elementor-widget-heading\" data-id=\"068a544\" data-element_type=\"widget\" data-widget_type=\"heading.default\">\n\t\t\t\t<div class=\"elementor-widget-container\">\n\t\t\t\t\t<h2 class=\"elementor-heading-title elementor-size-default\">Par Gourmet Market<\/h2>\t\t\t\t<\/div>\n\t\t\t\t<\/div>\n\t\t\t\t<div class=\"elementor-element elementor-element-968eb3b elementor-widget elementor-widget-text-editor\" data-id=\"968eb3b\" data-element_type=\"widget\" data-widget_type=\"text-editor.default\">\n\t\t\t\t<div class=\"elementor-widget-container\">\n\t\t\t\t\t\t\t\t\t<p>Gourmet Market pied\u0101v\u0101 pla\u0161u produktu kl\u0101stu gard\u0113\u017eiem un ne tikai.<\/p>\n<p>M\u0113s sadarbojamies tie\u0161i ar ra\u017eot\u0101jiem.<\/p>\n<p>Gaurmet Market pied\u0101v\u0101 kvalitat\u012bvus austrumu saldumus, t\u0113jas, s\u012brupus, k\u0101 pla\u0161u ol\u012bvu, paprikas, m\u0113r\u010du kl\u0101stu u.c.<\/p>\n<p>M\u0113s iepriecin\u0101m savus klientus ar patie\u0161\u0101m labiem produktiem. M\u0113s r\u016bp\u012bgi atlas\u0101m produktus, p\u0113tot to sast\u0101vu un atsauksmes.<\/p>\n<p>M\u0113s pied\u0101v\u0101jam tikai to, ko pirktu pa\u0161i!<\/p>\n<p>J\u016bsu \u0113rt\u012bb\u0101m visu kl\u0101stu var atrast un ieg\u0101d\u0101ties att\u0101lin\u0101ti, ar da\u017eiem pirksta klik\u0161\u0137iem, neatk\u0101pjoties no m\u0101jas darbiem.<\/p>\n<p>Veicam pieg\u0101di vis\u0101s Baltijas valst\u012bs.<\/p>\n<p>Aicin\u0101m vairumtirdzniec\u012bbas klientus sadarboties.<\/p>\n\t\t\t\t\t\t\t\t<\/div>\n\t\t\t\t<\/div>\n\t\t\t\t<\/div>\n\t\t<div class=\"elementor-element elementor-element-123107b e-con-full e-flex e-con e-parent\" data-id=\"123107b\" data-element_type=\"container\">\n\t\t\t\t<div class=\"elementor-element elementor-element-f655a16 elementor-widget elementor-widget-image\" data-id=\"f655a16\" data-element_type=\"widget\" data-widget_type=\"image.default\">\n\t\t\t\t<div class=\"elementor-widget-container\">\n\t\t\t\t\t\t\t\t\t\t\t\t\t\t\t<img fetchpriority=\"high\" decoding=\"async\" width=\"800\" height=\"534\" src=\"https:\/\/gourmetmarket.lv\/wp-content\/uploads\/2023\/01\/sladosti-turciirahat-lukum-1024x683-1.jpg\" class=\"attachment-large size-large wp-image-3024\" alt=\"\" srcset=\"https:\/\/gourmetmarket.lv\/wp-content\/uploads\/2023\/01\/sladosti-turciirahat-lukum-1024x683-1.jpg 1024w, https:\/\/gourmetmarket.lv\/wp-content\/uploads\/2023\/01\/sladosti-turciirahat-lukum-1024x683-1-600x400.jpg 600w, https:\/\/gourmetmarket.lv\/wp-content\/uploads\/2023\/01\/sladosti-turciirahat-lukum-1024x683-1-300x200.jpg 300w, https:\/\/gourmetmarket.lv\/wp-content\/uploads\/2023\/01\/sladosti-turciirahat-lukum-1024x683-1-768x512.jpg 768w\" sizes=\"(max-width: 800px) 100vw, 800px\" \/>\t\t\t\t\t\t\t\t\t\t\t\t\t\t\t<\/div>\n\t\t\t\t<\/div>\n\t\t\t\t<\/div>\n\t\t\t\t\t<\/div>\n\t\t\t\t<\/div>\n\t\t<div class=\"elementor-element elementor-element-8e87daa e-flex e-con-boxed e-con e-parent\" data-id=\"8e87daa\" data-element_type=\"container\">\n\t\t\t\t\t<div class=\"e-con-inner\">\n\t\t<div class=\"elementor-element elementor-element-028d9e8 e-con-full e-flex e-con e-parent\" data-id=\"028d9e8\" data-element_type=\"container\">\n\t\t\t\t<\/div>\n\t\t<div class=\"elementor-element elementor-element-de2aaa0 e-con-full e-flex e-con e-parent\" data-id=\"de2aaa0\" data-element_type=\"container\">\n\t\t\t\t<\/div>\n\t\t\t\t\t<\/div>\n\t\t\t\t<\/div>\n\t\t\t\t<\/div>\n\t\t","protected":false},"excerpt":{"rendered":"<p>Par Gourmet Market Gourmet Market pied\u0101v\u0101 pla\u0161u produktu kl\u0101stu gard\u0113\u017eiem un ne tikai. M\u0113s sadarbojamies tie\u0161i ar ra\u017eot\u0101jiem. Gaurmet Market pied\u0101v\u0101 kvalitat\u012bvus austrumu saldumus, t\u0113jas, s\u012brupus, k\u0101 pla\u0161u ol\u012bvu, paprikas, m\u0113r\u010du kl\u0101stu u.c. M\u0113s iepriecin\u0101m savus klientus ar patie\u0161\u0101m labiem produktiem. M\u0113s r\u016bp\u012bgi atlas\u0101m produktus, p\u0113tot to sast\u0101vu un atsauksmes. M\u0113s pied\u0101v\u0101jam tikai to, ko [&hellip;]<\/p>\n","protected":false},"author":6,"featured_media":0,"parent":0,"menu_order":0,"comment_status":"closed","ping_status":"closed","template":"","meta":{"footnotes":""},"class_list":["post-3059","page","type-page","status-publish","hentry"],"_links":{"self":[{"href":"https:\/\/gourmetmarket.lv\/et\/wp-json\/wp\/v2\/pages\/3059","targetHints":{"allow":["GET"]}}],"collection":[{"href":"https:\/\/gourmetmarket.lv\/et\/wp-json\/wp\/v2\/pages"}],"about":[{"href":"https:\/\/gourmetmarket.lv\/et\/wp-json\/wp\/v2\/types\/page"}],"author":[{"embeddable":true,"href":"https:\/\/gourmetmarket.lv\/et\/wp-json\/wp\/v2\/users\/6"}],"replies":[{"embeddable":true,"href":"https:\/\/gourmetmarket.lv\/et\/wp-json\/wp\/v2\/comments?post=3059"}],"version-history":[{"count":1,"href":"https:\/\/gourmetmarket.lv\/et\/wp-json\/wp\/v2\/pages\/3059\/revisions"}],"predecessor-version":[{"id":3060,"href":"https:\/\/gourmetmarket.lv\/et\/wp-json\/wp\/v2\/pages\/3059\/revisions\/3060"}],"wp:attachment":[{"href":"https:\/\/gourmetmarket.lv\/et\/wp-json\/wp\/v2\/media?parent=3059"}],"curies":[{"name":"wp","href":"https:\/\/api.w.org\/{rel}","templated":true}]}}