{"id":15085,"date":"2024-07-10T11:26:53","date_gmt":"2024-07-10T08:26:53","guid":{"rendered":"https:\/\/gourmetmarket.lv\/product\/davanu-komplekts-ar-salam-uzkodam\/"},"modified":"2024-07-10T11:26:53","modified_gmt":"2024-07-10T08:26:53","slug":"davanu-komplekts-ar-salam-uzkodam","status":"publish","type":"product","link":"https:\/\/gourmetmarket.lv\/en\/product\/davanu-komplekts-ar-salam-uzkodam\/","title":{"rendered":"D\u0101vanu komplekts ar s\u0101\u013c\u0101m uzkod\u0101m"},"content":{"rendered":"<p>Pal\u016btini sevi vai tuviniekus ar ori\u0123in\u0101lu komplektu, kur\u0161 ietv\u0113r sev\u012b gardas s\u0101\u013c\u0101s uzkodas. \u0160is komplekts b\u016bs piem\u0113rots ikvienam.<\/p>\n","protected":false},"excerpt":{"rendered":"<p>Pal\u016btini sevi vai tuviniekus ar ori\u0123in\u0101lu komplektu, kur\u0161 ietv\u0113r sev\u012b gardas s\u0101\u013c\u0101s uzkodas. \u0160is komplekts b\u016bs piem\u0113rots ikvienam.<\/p>\n","protected":false},"featured_media":15080,"comment_status":"closed","ping_status":"closed","template":"","meta":[],"product_brand":[],"product_cat":[40,224,117],"product_tag":[],"class_list":{"0":"post-15085","1":"product","2":"type-product","3":"status-publish","4":"has-post-thumbnail","6":"product_cat-antipasto","7":"product_cat-snacks","8":"product_cat-sauces","10":"first","11":"instock","12":"taxable","13":"shipping-taxable","14":"product-type-simple"},"_links":{"self":[{"href":"https:\/\/gourmetmarket.lv\/en\/wp-json\/wp\/v2\/product\/15085","targetHints":{"allow":["GET"]}}],"collection":[{"href":"https:\/\/gourmetmarket.lv\/en\/wp-json\/wp\/v2\/product"}],"about":[{"href":"https:\/\/gourmetmarket.lv\/en\/wp-json\/wp\/v2\/types\/product"}],"replies":[{"embeddable":true,"href":"https:\/\/gourmetmarket.lv\/en\/wp-json\/wp\/v2\/comments?post=15085"}],"version-history":[{"count":0,"href":"https:\/\/gourmetmarket.lv\/en\/wp-json\/wp\/v2\/product\/15085\/revisions"}],"wp:featuredmedia":[{"embeddable":true,"href":"https:\/\/gourmetmarket.lv\/en\/wp-json\/wp\/v2\/media\/15080"}],"wp:attachment":[{"href":"https:\/\/gourmetmarket.lv\/en\/wp-json\/wp\/v2\/media?parent=15085"}],"wp:term":[{"taxonomy":"product_brand","embeddable":true,"href":"https:\/\/gourmetmarket.lv\/en\/wp-json\/wp\/v2\/product_brand?post=15085"},{"taxonomy":"product_cat","embeddable":true,"href":"https:\/\/gourmetmarket.lv\/en\/wp-json\/wp\/v2\/product_cat?post=15085"},{"taxonomy":"product_tag","embeddable":true,"href":"https:\/\/gourmetmarket.lv\/en\/wp-json\/wp\/v2\/product_tag?post=15085"}],"curies":[{"name":"wp","href":"https:\/\/api.w.org\/{rel}","templated":true}]}}