{"id":3300,"date":"2022-11-30T08:53:39","date_gmt":"2022-11-30T06:53:39","guid":{"rendered":"http:\/\/hostinger.gourmetmarket.lv\/privacy-policy-2\/"},"modified":"2025-06-25T19:34:35","modified_gmt":"2025-06-25T16:34:35","slug":"privacy-policy","status":"publish","type":"page","link":"https:\/\/gourmetmarket.lv\/en\/privacy-policy\/","title":{"rendered":"Privacy Policy"},"content":{"rendered":"\t\t<div data-elementor-type=\"wp-page\" data-elementor-id=\"3300\" class=\"elementor elementor-3300 elementor-1289\" data-elementor-post-type=\"page\">\n\t\t\t\t<div class=\"elementor-element elementor-element-d438c3a e-flex e-con-boxed e-con e-parent\" data-id=\"d438c3a\" data-element_type=\"container\">\n\t\t\t\t\t<div class=\"e-con-inner\">\n\t\t\t\t<div class=\"elementor-element elementor-element-8893b49 elementor-widget elementor-widget-text-editor\" data-id=\"8893b49\" data-element_type=\"widget\" data-widget_type=\"text-editor.default\">\n\t\t\t\t<div class=\"elementor-widget-container\">\n\t\t\t\t\t\t\t\t\t<p>SIA Tirgus Online k\u0101 Gourmetmarket.lv ( \u201dTirgus Online \u201c, \u201d m\u0113s\u201d, \u201cm\u016bsu \u201c, \u201cmums\u201d) iev\u0113ro noteiktas priv\u0101tuma ties\u012bbas attiec\u012bb\u0101 uz saviem tie\u0161saistes apmekl\u0113t\u0101jiem \/ klientiem (\u201cJums \u201c, \u201d J\u016bs \u201c, \u201d J\u016bsu\u201d), un atz\u012bst, ka ir svar\u012bgi aizsarg\u0101t inform\u0101ciju, kas non\u0101kusi m\u016bsu r\u012bc\u012bb\u0101. \u0160o inform\u0101ciju m\u0113s izmantosim tikai likum\u0101 paredz\u0113taj\u0101 k\u0101rt\u012bb\u0101 (saska\u0146\u0101 ar Datu aizsardz\u012bbas likumu).<\/p><p>Tirgus Online sniedz sekojo\u0161o inform\u0101ciju, lai m\u016bsu tie\u0161saistes apmekl\u0113t\u0101ji \/ klienti b\u016btu piln\u012bb\u0101 inform\u0113ti un p\u0101rliecin\u0101ti par m\u016bsu komp\u0101nijas priv\u0101tuma politiku saska\u0146\u0101 ar visiem Latvijas Republikas likumiem un normat\u012bvajiem aktiem.<\/p><p><strong>SIA Tirgus Online galvenie datu apstr\u0101des m\u0113r\u0137i<\/strong>: <br \/>&#8211; nodro\u0161in\u0101t netrauc\u0113tu vietnes darb\u012bbu; <br \/>&#8211; statistikas datu v\u0101k\u0161ana un apstr\u0101de, t\u012bmek\u013ca vietnes datpl\u016bsmas noteik\u0161ana un anal\u012bze; <br \/>&#8211; klienta re\u0123istr\u0101cija; <br \/>&#8211; l\u012bguma nosl\u0113g\u0161ana un izpilde; <br \/>&#8211; pakalpojumu sniedz\u0113ja klientu apkalpo\u0161anas kvalit\u0101tes uzlabo\u0161ana un kontrole; <br \/>&#8211; tie\u0161ais m\u0101rketings; <br \/>&#8211; nepiecie\u0161am\u0101 komunik\u0101cija un piepras\u012bjumu administr\u0113\u0161ana.<\/p><p>Kad apmekl\u0113jat m\u016bsu t\u012bmek\u013ca vietni, sazin\u0101ties ar mums pa e-pastu vai t\u0101lruni, m\u0113s iev\u0101cam j\u016bsu kontaktinform\u0101ciju, inform\u0101ciju, kas nepiecie\u0161ama distances l\u012bguma nosl\u0113g\u0161anai, inform\u0101ciju, kas nor\u0101d\u012bta j\u016bsu iesniegum\u0101, pretenzij\u0101 un telefoniski iesniegtos datus. Sazinoties ar mums, l\u016bdzam aprobe\u017eoties tikai ar to inform\u0101ciju, kas nepiecie\u0161ama j\u016bsu piepras\u012bjuma izpildei.<\/p><p><br \/>Datu apstr\u0101des m\u0113r\u0137i: <br \/>&#8211; Klienta re\u0123istr\u0101cija \u2013 iepirk\u0161an\u0101s m\u016bsu vietn\u0113 ir iesp\u0113jama gan re\u0123istr\u0113joties un izveidojot kontu, gan bez re\u0123istr\u0101cijas. Konta izveidei un administr\u0113\u0161anai nepiecie\u0161amos datus m\u0113s apstr\u0101d\u0101sim, balstoties uz m\u016bsu le\u0123it\u012bmaj\u0101m interes\u0113m \u2013 tas ir, lai iepaz\u012btu savu klientu un izveidotu loj\u0101lo klientu loku. Jums ir ties\u012bbas iebilst pret \u0161\u0101du personas datu apstr\u0101di, nosaucot savas prim\u0101r\u0101s intereses vai ties\u012bbas. Tiem, kas iep\u0113rkas bez re\u0123istr\u0101cijas, m\u0113s l\u016bgsim nor\u0101d\u012bt datus, kas nepiecie\u0161ami pas\u016bt\u012bjuma veik\u0161anai un l\u012bguma izpildei, un m\u0113s \u0161os datus apstr\u0101d\u0101sim saska\u0146\u0101 ar l\u012bguma izpildes juridisko pamatu. Konta dati tiks glab\u0101ti 5 (piecus) gadus no personas p\u0113d\u0113j\u0101s akt\u012bv\u0101s darb\u012bbas t\u012bmek\u013ca vietn\u0113 (pieteik\u0161an\u0101s, re\u0123istr\u0101cija un (vai) citas akt\u012bv\u0101s darb\u012bbas). Dati par pirkumiem tiks glab\u0101ti vismaz 5 gadus. <br \/>&#8211; L\u012bguma nosl\u0113g\u0161ana un izpilde \u2013 \u0160im nol\u016bkam personas dati tiks apstr\u0101d\u0101ti, jo ir nepiecie\u0161ams nosl\u0113gt un izpild\u012bt l\u012bgumu ar jums, un tie tiks glab\u0101ti ne ilg\u0101k k\u0101 10 (desmit) gadus p\u0113c j\u016bsu p\u0113d\u0113j\u0101 pirkuma m\u016bsu Vietn\u0113, ja vien ties\u012bbu aktos nav noteikts cit\u0101di. Jums \u0161im nol\u016bkam ir j\u0101sniedz mums dati, pret\u0113j\u0101 gad\u012bjum\u0101 m\u0113s nevar\u0113sim sniegt jums iesp\u0113ju iepirkties m\u016bsu vietn\u0113. <br \/>&#8211; Pakalpojumu sniedz\u0113ja klientu apkalpo\u0161anas kvalit\u0101tes uzlabo\u0161ana, lai inform\u0101cija tiktu sniegta kvalific\u0113ti un operat\u012bvi \u2013 J\u016bs varat pieteikt savus iesniegumus un priek\u0161likumus telefoniski. M\u0113s neveicam telefona sarunas ierakstus. Personas dati kas nodoti telefona sarunas laik\u0101 tiks apstr\u0101d\u0101ti tikai pamatojoties uz j\u016bsu piekri\u0161anu.\u00a0<span style=\"text-decoration: underline;\">Inform\u0113jam, ka jums ir ties\u012bbas bez negat\u012bv\u0101m sek\u0101m atsaukt iepriek\u0161 doto piekri\u0161anu<\/span>, t\u0101d\u0101 gad\u012bjum\u0101 neturpiniet sarunu un sazinieties ar mums, rakstot mums e-pastu, vai apmekl\u0113jiet tirdzniec\u012bbas vietu. Tie\u0161ais m\u0101rketings \u2013 tie\u0161\u0101 m\u0101rketinga m\u0113r\u0137iem Pakalpojumu sniedz\u0113js apstr\u0101d\u0101 eso\u0161o klientu personas datus, pamatojoties uz le\u0123it\u012bmaj\u0101m interes\u0113m, tas ir, ar m\u0113r\u0137i inform\u0113t par cit\u0101m l\u012bdz\u012bg\u0101m prec\u0113m un pakalpojumiem. \u0160im nol\u016bkam dati tiks apstr\u0101d\u0101ti 3 gadus no j\u016bsu p\u0113d\u0113j\u0101 pirkuma t\u012bmek\u013ca vietn\u0113. Potenci\u0101lo klientu dati \u0161im nol\u016bkam tiek apstr\u0101d\u0101ti tikai ar vi\u0146u piekri\u0161anu. Dati tiks glab\u0101ti, l\u012bdz atsauksiet savu piekri\u0161anu. Inform\u0113jam, ka jums ir ties\u012bbas bez jebk\u0101d\u0101m negat\u012bv\u0101m sek\u0101m iebilst\/nepiekrist \u0161\u0101dai personas datu apstr\u0101dei. J\u016bs jebkur\u0101 laik\u0101 varat atsaukt savu piekri\u0161anu, rakstot mums uz e-pastu <a href=\"mailto:gourmetmarket@inbox.lv\">gourmetmarket@inbox.lv<\/a> Nepiecie\u0161am\u0101 komunik\u0101cija un piepras\u012bjumu administr\u0113\u0161ana. M\u0113s cen\u0161amies p\u0113c iesp\u0113jas \u0101tr\u0101k inform\u0113t j\u016bs par da\u017e\u0101d\u0101m izmai\u0146\u0101m un rea\u0123\u0113t uz j\u016bsu s\u016bdz\u012bb\u0101m, piepras\u012bjumiem, jaut\u0101jumiem utt., t\u0101p\u0113c m\u0113s apstr\u0101d\u0101sim j\u016bsu personas datus tikt\u0101l, cik tas nepiecie\u0161ams \u0161\u012b m\u0113r\u0137a sasnieg\u0161anai. Dati tiek apstr\u0101d\u0101ti, pamatojoties uz datu p\u0101rzi\u0146a likum\u012bgaj\u0101m interes\u0113m, tas ir, m\u0113r\u0137is ir nodro\u0161in\u0101t kvalitat\u012bvu klientu apkalpo\u0161anu un administr\u0113t s\u016bdz\u012bbas. Dati tiek glab\u0101ti l\u012bdz preces garantijas termi\u0146a beig\u0101m, str\u012bda gad\u012bjum\u0101 \u2013 kam\u0113r tiek pabeigta t\u0101 izskat\u012b\u0161ana gal\u012bgaj\u0101 instanc\u0113. <br \/>&#8211; T\u012bmek\u013ca vietnes vienm\u0113r\u012bgas darb\u012bbas nodro\u0161in\u0101\u0161ana \u2013 \u0160aj\u0101 nol\u016bk\u0101 m\u0113s apstr\u0101d\u0101jam j\u016bsu personas datus ar le\u0123it\u012bmu interesi uzraudz\u012bt m\u016bsu pakalpojumu kvalit\u0101ti, rad\u012bt un uzlabot m\u016bsu pied\u0101v\u0101to saturu, nodro\u0161in\u0101t t\u012bmek\u013ca vietnes dro\u0161\u012bbu. Dati tiek apstr\u0101d\u0101ti, pamatojoties uz m\u016bsu le\u0123it\u012bmaj\u0101m interes\u0113m, tas ir, lai nodro\u0161in\u0101tu netrauc\u0113tu vietnes darb\u012bbu un \u0113rtu iepirk\u0161anos. \u0160im nol\u016bkam tiek izmantotas oblig\u0101t\u0101s s\u012bkdatnes. Dati tiek glab\u0101ti sesijas laik\u0101 vai maksim\u0101li vair\u0101kus gadus (atkar\u012bb\u0101 no izmantot\u0101s s\u012bkdatnes). Jums ir ties\u012bbas iebilst pret \u0161\u0101du apstr\u0101di un savu p\u0101rl\u016bkprogrammu iestat\u012bt t\u0101, lai taj\u0101 nevar\u0113tu saglab\u0101t oblig\u0101t\u0101s s\u012bkdatnes. Pret\u0113j\u0101 gad\u012bjum\u0101 oblig\u0101t\u0101s s\u012bkdatnes sesijas s\u0101kum\u0101 tiks autom\u0101tiski saglab\u0101tas j\u016bsu gala ier\u012bc\u0113. Pla\u0161\u0101ku inform\u0101ciju par s\u012bkdat\u0146u p\u0101rvald\u012bbu varat atrast s\u012bkdat\u0146u sada\u013c\u0101. <br \/>&#8211; Statistikas datu v\u0101k\u0161ana un apstr\u0101de, apmekl\u0113t\u0101ju pl\u016bsmu noteik\u0161ana, anal\u012bze ar m\u0113r\u0137i nodro\u0161in\u0101t piel\u0101gotu saturu &#8211; \u0160im nol\u016bkam m\u0113s apstr\u0101d\u0101jam j\u016bsu personas datus ar le\u0123it\u012bmu interesi uzraudz\u012bt m\u016bsu pakalpojumu kvalit\u0101ti, rad\u012bt un uzlabot m\u016bsu pied\u0101v\u0101to saturu, nodro\u0161in\u0101t t\u012bmek\u013ca vietnes dro\u0161\u012bbu. Dati tiek apstr\u0101d\u0101ti, pamatojoties uz j\u016bsu piekri\u0161anu. Dati tiek v\u0101kti, izmantojot neoblig\u0101t\u0101s s\u012bkdatnes un l\u012bdz\u012bgas tehnolo\u0123ijas. Dati tiek glab\u0101ti sesijas laik\u0101 vai maksim\u0101li vair\u0101kus gadus (atkar\u012bb\u0101 no izmantot\u0101s s\u012bkdatnes). Jums ir ties\u012bbas iebilst pret \u0161\u0101du apstr\u0101di un anon\u012bmi apmekl\u0113t m\u016bsu t\u012bmek\u013ca vietni. Pla\u0161\u0101ku inform\u0101ciju par s\u012bkdat\u0146u p\u0101rvald\u012bbu varat atrast s\u012bkdat\u0146u sada\u013c\u0101.<\/p><p>Tie\u0161saistes apmekl\u0113t\u0101jiem\/klientiem ir \u0161\u0101das ties\u012bbas: zin\u0101t (b\u016bt inform\u0113tam) par savu datu apstr\u0101di; iepaz\u012bties ar saviem datiem un k\u0101 tie tiek apstr\u0101d\u0101ti; piepras\u012bt nepiln\u012bgu personas datu labo\u0161anu vai papildin\u0101\u0161anu, \u0146emot v\u0113r\u0101 personas datu apstr\u0101des m\u0113r\u0137us; dz\u0113st savus datus vai aptur\u0113t datu apstr\u0101des darb\u012bbas (iz\u0146emot glab\u0101\u0161anu); piepras\u012bt, lai personas datu p\u0101rzinis ierobe\u017eo personas datu apstr\u0101di, ja past\u0101v kaut viens no likum\u012bgajiem iemesliem; piepras\u012bt mums iesniegto datu p\u0101rs\u016bt\u012b\u0161anu; jebkur\u0101 laik\u0101 nepiekrist savu personas datu apstr\u0101dei, ja \u0161\u0101da apstr\u0101de tiek veikta m\u016bsu vai tre\u0161\u0101s personas likum\u012bgaj\u0101s interes\u0113s un ja personas dati tiek apstr\u0101d\u0101ti tie\u0161\u0101 m\u0101rketinga nol\u016bkiem, ieskaitot profil\u0113\u0161anu; atsaukt savu piekri\u0161anu personas datu apstr\u0101dei, ja dati tiek apstr\u0101d\u0101ti, pamatojoties uz piekri\u0161anu; iesniegt s\u016bdz\u012bbu Datu valsts inspekcijai. J\u016bs varat izmantot savas ties\u012bbas, rakstot mums e-pastu <a href=\"mailto:gourmetmarket@inbox.lv\">gourmetmarket@inbox.lv<\/a><\/p><p>Apmekl\u0113jot Gourmetmarket.lv, J\u016bs izprotat un piekr\u012btat k\u0101rt\u012bbai, k\u0101da aprakst\u012bta \u0161aj\u0101 Priv\u0101tuma politik\u0101 un Lieto\u0161anas noteikumos un nosac\u012bjumos.<\/p><p>J\u016bsu personas dati, tas ir, visa inform\u0101cija par jums, kas mums \u013cauj j\u016bs identific\u0113t, tiek ieg\u016bta da\u017e\u0101dos veidos: <br \/>&#8211; J\u016bs pa\u0161i varat sniegt inform\u0101ciju (piem\u0113ram, aizpildot re\u0123istr\u0101cijas veidlapu, zvanot mums vai cit\u0101di pa\u0161i sazinoties ar mums);<br \/>&#8211; inform\u0101cija par jums var tikt apkopota autom\u0101tiski, kad apmekl\u0113jat m\u016bsu vietni (ar s\u012bkdat\u0146u un l\u012bdz\u012bgu tehnolo\u0123iju pal\u012bdz\u012bbu); <br \/>&#8211; atsevi\u0161\u0137os gad\u012bjumos m\u0113s varam sa\u0146emt inform\u0101ciju par jums no tre\u0161aj\u0101m person\u0101m un varam apkopot inform\u0101ciju par jums no publiski pieejamiem avotiem (piem\u0113ram, kred\u012btiest\u0101d\u0113m un cit\u0101m finan\u0161u instit\u016bcij\u0101m, m\u016bsu partneriem, kas sniedz pakalpojumus jums vai mums).<\/p><p>L\u016bdzam piev\u0113rst uzman\u012bbu, ka m\u016bsu timek\u013ca vietn\u0113 sniegtie pakalpojumi ir paredz\u0113ti tikai person\u0101m, kas vec\u0101kas par 14 gadiem. Ja mums rad\u012bsies pamatotas \u0161aubas, ka m\u0113s apstr\u0101d\u0101jam t\u0101du personu datus, kuras ir jaun\u0101kas par \u0161o vecumu, m\u0113s dz\u0113s\u012bsim \u0161o personu datus no m\u016bsu datu b\u0101z\u0113m.<\/p><p>Lai nodro\u0161in\u0101tu Jums kvalitat\u012bva pakalpojuma sa\u0146em\u0161anu, m\u0113s varam izpaust inform\u0101ciju par jums m\u016bsu starpniekiem, pieg\u0101d\u0101t\u0101jiem vai apak\u0161uz\u0146\u0113m\u0113jiem, ja tas tie\u0161i nepiecie\u0161ams m\u016bsu saist\u012bbu izpildei, piem\u0113ram, m\u016bsu maks\u0101jumu pakalpojumu sniedz\u0113ji var apstr\u0101d\u0101t ar pre\u010du ieg\u0101di t\u012bmek\u013ca vietn\u0113 saist\u012bt\u0101s finan\u0161u oper\u0101cijas, specifisku pakalpojumu snieg\u0161anai m\u0113s varam p\u0101rs\u016bt\u012bt j\u016bsu personas datus citiem pakalpojumu sniedz\u0113jiem, piem\u0113ram, kurjeru dienestiem, serveru un to uztur\u0113\u0161anas pakalpojumu sniedz\u0113jiem, e-pasta pakalpojumu sniedz\u0113jiem utt. Pakalpojumu sniedz\u0113ji ir re\u0123istr\u0113ti Latvij\u0101 vai cit\u0101 EEZ valst\u012b. Lai ieg\u016btu pilnu sa\u0146\u0113m\u0113ju sarakstu, sazinieties tie\u0161i ar mums.<\/p><p>Turkl\u0101t m\u0113s varam atkl\u0101t inform\u0101ciju par jums: <br \/>&#8211; ja to prasa ties\u012bbu akti (piem\u0113ram, pirmstiesas izmekl\u0113\u0161anas darbiniekiem, cit\u0101m uzraudz\u012bbas iest\u0101d\u0113m); <br \/>&#8211; lai aizsarg\u0101tu savas ties\u012bbas vai intereses (ieskaitot j\u016bsu inform\u0101cijas snieg\u0161anu tre\u0161aj\u0101m person\u0101m, piem\u0113ram, juristiem, par\u0101du piedzi\u0146as uz\u0146\u0113mumiem, tiesu izpild\u012bt\u0101jiem); <br \/>&#8211; citos gad\u012bjumos, ja uz\u0146\u0113muma vad\u012bt\u0101js nolemj, ka datu snieg\u0161ana ir nepiecie\u0161ama m\u0113r\u0137u sasnieg\u0161anai.<\/p><p>L\u016bdzu, \u0146emiet v\u0113r\u0101, ka \u0161\u012b politika attiecas uz Tirgus Online, bet ne uz t\u012bmek\u013ca vietn\u0113m, ko uztur citi uz\u0146\u0113mumi vai organiz\u0101cijas.<\/p><p>J\u016bsu personas dati tiks apstr\u0101d\u0101ti saska\u0146\u0101 ar pras\u012bb\u0101m, kas noteiktas Visp\u0101r\u012bgaj\u0101 datu aizsardz\u012bbas regul\u0101, Latvijas Republikas likum\u0101 \u201cFizisko personu datu apstr\u0101des likums\u201d un citos ties\u012bbu aktos. Apstr\u0101d\u0101jot j\u016bsu personas datus, m\u0113s \u012bstenojam organizatoriskus un tehniskus pas\u0101kumus, kas nodro\u0161ina personas datu aizsardz\u012bbu pret nejau\u0161u vai nelikum\u012bgu izn\u012bcin\u0101\u0161anu, main\u012b\u0161anu, izpau\u0161anu, k\u0101 ar\u012b no jebkuras citas nelikum\u012bgas apstr\u0101des.<\/p><p>L\u016bdzu, \u0146emiet v\u0113r\u0101, ka datu p\u0101rraide internet\u0101 p\u0113c savas b\u016bt\u012bbas ir nedro\u0161a, un m\u0113s nevaram garant\u0113t piln\u012bgi dro\u0161u datu p\u0101rraidi, izmantojot m\u016bsu vietni.<\/p><p>J\u016bs esat atbild\u012bgs par savas paroles un lietot\u0101ja datu konfidencialit\u0101ti un par vis\u0101m darb\u012bb\u0101m (datu p\u0101rs\u016bt\u012b\u0161ana, veiktie pas\u016bt\u012bjumi utt.), kas tiek veiktas m\u016bsu vietn\u0113, piesakoties ar savu pieteik\u0161an\u0101s inform\u0101ciju. J\u016bs nedr\u012bkstat atkl\u0101t savu paroli tre\u0161aj\u0101m person\u0101m. Ja m\u016bsu t\u012bmek\u013ca vietn\u0113 sniegtos pakalpojumus izmanto tre\u0161\u0101 persona, kas ir pieteikusies, izmantojot j\u016bsu pieteik\u0161an\u0101s datus, m\u0113s uzskat\u012bsim, ka tas esat j\u016bs. Ja pazaud\u0113jat pieteik\u0161an\u0101s datus, jums par to nekav\u0113joties j\u0101pazi\u0146o mums pa pastu, t\u0101lruni vai e-pastu. J\u016bs esat atbild\u012bgs par to, lai inform\u0101cija, ko sniedzat mums, ir prec\u012bza, pareiza un piln\u012bga. Ja main\u0101s j\u016bsu sniegtie dati, jums nekav\u0113joties j\u0101pazi\u0146o mums, mainot attiec\u012bgos datus re\u0123istr\u0101cijas form\u0101 vai, ja dati nav nor\u0101d\u012bti re\u0123istr\u0101cijas veidlap\u0101, inform\u0113jot m\u016bs pa e-pastu. M\u0113s nek\u0101d\u0101 gad\u012bjum\u0101 neb\u016bsim atbild\u012bgi par zaud\u0113jumiem, kas jums radu\u0161ies, ja j\u016bs sniedzat nepareizu vai nepiln\u012bgu personisko inform\u0101ciju vai neinform\u0113jat m\u016bs par jebk\u0101d\u0101m izmai\u0146\u0101m taj\u0101. <br \/><br \/>Tirgus Online nav atbild\u012bgs par personisko inform\u0101ciju, kuru J\u016bs iesniedzat tre\u0161aj\u0101m person\u0101m. L\u016bdzu, p\u0101rliecinieties, ka J\u016bs esat iepazinu\u0161ies ar \u0161o citu uz\u0146\u0113mumu vai organiz\u0101ciju priv\u0101tuma politiku, pirms iesniegt savus datus. <br \/><br \/>Visi jaut\u0101jumi, kas attiecas uz jebkuru uz\u0146\u0113muma politiku, tiek gaid\u012bti uz e-pastu gourmetmarket@inbox.lv <br \/><br \/><strong>K\u0101 m\u0113s izmantojam J\u016bsu sniegto inform\u0101ciju<\/strong>. <br \/><br \/>M\u0113s ieg\u016bstam inform\u0101ciju no Jums, kad J\u016bs pierakst\u0101ties adres\u0101tu sarakst\u0101 uz m\u016bsu jaunumiem. Pierakst\u012b\u0161an\u0101s m\u0113r\u0137is ir iev\u0101kt inform\u0101ciju, lai m\u0113s varam nodro\u0161in\u0101t J\u016bs ar aktu\u0101lu inform\u0101ciju par m\u016bsu produktiem un pakalpojumiem, saska\u0146\u0101 ar J\u016bsu izteikto v\u0113l\u0113\u0161anos. <br \/><br \/>Pierakstoties uz m\u016bsu jaunumiem, J\u016bs izv\u0113laties sa\u0146emt pazi\u0146ojumus uz e-pastu. Ta\u010du katru reizi, kad m\u0113s s\u016bt\u012bsim zi\u0146as, Jums b\u016bs iesp\u0113ja atteikties no turpm\u0101kas zi\u0146u sa\u0146em\u0161anas. J\u016bs jebkur\u0101 laik\u0101 varat atsaukt savu piekri\u0161anu, rakstot mums uz e-pastu gourmetmarket@inbox.lv un (vai) klik\u0161\u0137inot uz attiec\u012bg\u0101s saites unsubsrcibe\u00a0 jebkur\u0101 jums jau nos\u016bt\u012btaj\u0101 pazi\u0146ojum\u0101 par pied\u0101v\u0101jumiem. <br \/><br \/><strong>S\u012bkdatnes Izmanto\u0161ana<\/strong>: <br \/><br \/>\u0160is s\u012bkfails ir inform\u0101cija, kuru uz J\u016bsu datora ciet\u0101 diska noglab\u0101 J\u016bsu t\u012bmek\u013ca p\u0101rl\u016bks, kas izseko J\u016bsu p\u0101rvieto\u0161anos da\u017e\u0101d\u0101s m\u0101jaslap\u0101s. Liel\u0101k\u0101 da\u013ca p\u0101rl\u016bkprogrammu autom\u0101tiski pie\u0146em s\u012bkdatnes, bet Jums ir iesp\u0113ja main\u012bt iestat\u012bjumus J\u016bsu p\u0101rl\u016bkprogramm\u0101, lai nepie\u013cautu autom\u0101tisku pie\u0146em\u0161anu. M\u016bsu lapa izmanto s\u012bkdatnes tehnolo\u0123iju, lai sekotu, cik bie\u017ei J\u016bs apmekl\u0113jat m\u016bsu vietni, lai apskat\u012btu J\u016bsu iepirkumu grozu, iepriek\u0161\u0113jos pirkumus, un, lai nodro\u0161in\u0101tu saturu, \u0146emot v\u0113r\u0101 J\u016bsu intereses. Ja nev\u0113l\u0113sieties sa\u0146emt s\u012bkdatnes, J\u016bs joproj\u0101m var\u0113siet izmantot liel\u0101ko da\u013cu m\u016bsu m\u0101jaslapas, tai skait\u0101 iesp\u0113ju ieg\u0101d\u0101ties priek\u0161metus. S\u012bkdatnes izmanto\u0161ana ir nozares standarts. <br \/><br \/><strong>IZMAI\u0145AS<\/strong> <br \/><br \/>M\u0113s paturam ties\u012bbas main\u012bt \u0161os noteikumus jebkur\u0101 br\u012bd\u012b. Izmai\u0146as tiks atspogu\u013cotas \u0161aj\u0101 lap\u0101, t\u0101d\u0113\u013c regul\u0101ri apmekl\u0113jiet to. Ja Jums ir k\u0101di jaut\u0101jumi vai koment\u0101ri, l\u016bdzu, dodieties uz Kontaktu\u00a0sada\u013cu m\u0101jaslap\u0101, vai s\u016btiet e-pastu uz gourmetmarket@inbox.lv Lietojot \u0161o lapu, J\u016bs apstiprin\u0101t un piekr\u012btat noteikumiem sada\u013c\u0101s Priv\u0101tuma politika un Noteikumi un nosac\u012bjumi.<\/p>\t\t\t\t\t\t\t\t<\/div>\n\t\t\t\t<\/div>\n\t\t\t\t\t<\/div>\n\t\t\t\t<\/div>\n\t\t\t\t<\/div>\n\t\t","protected":false},"excerpt":{"rendered":"<p>SIA Tirgus Online k\u0101 Gourmetmarket.lv ( \u201dTirgus Online \u201c, \u201d m\u0113s\u201d, \u201cm\u016bsu \u201c, \u201cmums\u201d) iev\u0113ro noteiktas priv\u0101tuma ties\u012bbas attiec\u012bb\u0101 uz saviem tie\u0161saistes apmekl\u0113t\u0101jiem \/ klientiem (\u201cJums \u201c, \u201d J\u016bs \u201c, \u201d J\u016bsu\u201d), un atz\u012bst, ka ir svar\u012bgi aizsarg\u0101t inform\u0101ciju, kas non\u0101kusi m\u016bsu r\u012bc\u012bb\u0101. \u0160o inform\u0101ciju m\u0113s izmantosim tikai likum\u0101 paredz\u0113taj\u0101 k\u0101rt\u012bb\u0101 (saska\u0146\u0101 ar Datu aizsardz\u012bbas [&hellip;]<\/p>\n","protected":false},"author":6,"featured_media":0,"parent":0,"menu_order":0,"comment_status":"closed","ping_status":"closed","template":"","meta":{"footnotes":""},"class_list":["post-3300","page","type-page","status-publish","hentry"],"_links":{"self":[{"href":"https:\/\/gourmetmarket.lv\/en\/wp-json\/wp\/v2\/pages\/3300","targetHints":{"allow":["GET"]}}],"collection":[{"href":"https:\/\/gourmetmarket.lv\/en\/wp-json\/wp\/v2\/pages"}],"about":[{"href":"https:\/\/gourmetmarket.lv\/en\/wp-json\/wp\/v2\/types\/page"}],"author":[{"embeddable":true,"href":"https:\/\/gourmetmarket.lv\/en\/wp-json\/wp\/v2\/users\/6"}],"replies":[{"embeddable":true,"href":"https:\/\/gourmetmarket.lv\/en\/wp-json\/wp\/v2\/comments?post=3300"}],"version-history":[{"count":23,"href":"https:\/\/gourmetmarket.lv\/en\/wp-json\/wp\/v2\/pages\/3300\/revisions"}],"predecessor-version":[{"id":16330,"href":"https:\/\/gourmetmarket.lv\/en\/wp-json\/wp\/v2\/pages\/3300\/revisions\/16330"}],"wp:attachment":[{"href":"https:\/\/gourmetmarket.lv\/en\/wp-json\/wp\/v2\/media?parent=3300"}],"curies":[{"name":"wp","href":"https:\/\/api.w.org\/{rel}","templated":true}]}}